{"id":22,"date":"2020-06-18T17:55:41","date_gmt":"2020-06-18T15:55:41","guid":{"rendered":"http:\/\/2020.maludo.ch\/?page_id=22"},"modified":"2020-06-30T17:20:14","modified_gmt":"2020-06-30T15:20:14","slug":"liens","status":"publish","type":"page","link":"https:\/\/www.maludo.ch\/index.php\/liens\/","title":{"rendered":"Liens"},"content":{"rendered":"<p>[et_pb_section fb_built=\u00a0\u00bb1&Prime; admin_label=\u00a0\u00bbTestimonials\u00a0\u00bb _builder_version=\u00a0\u00bb3.22&Prime; background_image=\u00a0\u00bbhttps:\/\/www.maludo.ch\/wp-content\/uploads\/2020\/06\/shapes-bg-1.png\u00a0\u00bb parallax=\u00a0\u00bbon\u00a0\u00bb custom_padding=\u00a0\u00bb|||\u00a0\u00bb locked=\u00a0\u00bboff\u00a0\u00bb][et_pb_row admin_label=\u00a0\u00bbTitle Row\u00a0\u00bb _builder_version=\u00a0\u00bb3.25&Prime;][et_pb_column type=\u00a0\u00bb4_4&Prime; _builder_version=\u00a0\u00bb3.25&Prime; custom_padding=\u00a0\u00bb|||\u00a0\u00bb custom_padding__hover=\u00a0\u00bb|||\u00a0\u00bb][et_pb_text _builder_version=\u00a0\u00bb4.4.8&Prime; text_font=\u00a0\u00bbRubik|500|||||||\u00a0\u00bb text_font_size=\u00a0\u00bb16px\u00a0\u00bb text_line_height=\u00a0\u00bb2em\u00a0\u00bb link_font=\u00a0\u00bb||||||||\u00a0\u00bb ul_font=\u00a0\u00bb||||||||\u00a0\u00bb ol_font=\u00a0\u00bb||||||||\u00a0\u00bb quote_font=\u00a0\u00bb||||||||\u00a0\u00bb header_font=\u00a0\u00bb||||||||\u00a0\u00bb header_2_font=\u00a0\u00bbRubik|700|||||||\u00a0\u00bb header_2_font_size=\u00a0\u00bb40px\u00a0\u00bb header_2_line_height=\u00a0\u00bb1.4em\u00a0\u00bb header_5_font=\u00a0\u00bbRubik|700||on|||||\u00a0\u00bb header_5_text_color=\u00a0\u00bb#2b76df\u00a0\u00bb header_5_letter_spacing=\u00a0\u00bb5px\u00a0\u00bb header_5_line_height=\u00a0\u00bb1.5em\u00a0\u00bb text_orientation=\u00a0\u00bbcenter\u00a0\u00bb max_width=\u00a0\u00bb700px\u00a0\u00bb module_alignment=\u00a0\u00bbcenter\u00a0\u00bb custom_margin=\u00a0\u00bb|||\u00a0\u00bb custom_margin_tablet=\u00a0\u00bb0px|||\u00a0\u00bb custom_margin_last_edited=\u00a0\u00bboff|desktop\u00a0\u00bb text_line_height_last_edited=\u00a0\u00bboff|desktop\u00a0\u00bb header_2_font_size_tablet=\u00a0\u00bb\u00a0\u00bb header_2_font_size_phone=\u00a0\u00bb30px\u00a0\u00bb header_2_font_size_last_edited=\u00a0\u00bbon|phone\u00a0\u00bb]<\/p>\n<h2>Liens\u00a0<\/h2>\n<p>[\/et_pb_text][\/et_pb_column][\/et_pb_row][et_pb_row column_structure=\u00a0\u00bb1_4,1_4,1_4,1_4&Prime; _builder_version=\u00a0\u00bb4.4.8&Prime; width=\u00a0\u00bb100%\u00a0\u00bb max_width=\u00a0\u00bb1920px\u00a0\u00bb][et_pb_column type=\u00a0\u00bb1_4&Prime; _builder_version=\u00a0\u00bb3.25&Prime; custom_padding=\u00a0\u00bb|||\u00a0\u00bb custom_padding__hover=\u00a0\u00bb|||\u00a0\u00bb][et_pb_testimonial url=\u00a0\u00bbhttps:\/\/www.avdl.ch\/\u00a0\u00bb portrait_url=\u00a0\u00bbhttps:\/\/www.maludo.ch\/wp-content\/uploads\/2020\/06\/t\u00e9l\u00e9chargement-4.jpeg\u00a0\u00bb quote_icon=\u00a0\u00bboff\u00a0\u00bb admin_label=\u00a0\u00bbTestimonial\u00a0\u00bb _builder_version=\u00a0\u00bb4.4.8&Prime; body_font=\u00a0\u00bbRubik||||||||\u00a0\u00bb body_line_height=\u00a0\u00bb2em\u00a0\u00bb background_color=\u00a0\u00bb#ffffff\u00a0\u00bb custom_margin=\u00a0\u00bb|||\u00a0\u00bb custom_padding=\u00a0\u00bb60px|30px|60px|30px|true|true\u00a0\u00bb animation_style=\u00a0\u00bbzoom\u00a0\u00bb animation_intensity_zoom=\u00a0\u00bb10%\u00a0\u00bb hover_enabled=\u00a0\u00bb0&Prime; border_radii=\u00a0\u00bbon|5px|5px|5px|5px\u00a0\u00bb border_width_top=\u00a0\u00bb10px\u00a0\u00bb border_color_top=\u00a0\u00bb#2b76df\u00a0\u00bb box_shadow_style=\u00a0\u00bbpreset3&Prime; box_shadow_blur=\u00a0\u00bb49px\u00a0\u00bb box_shadow_color=\u00a0\u00bbrgba(0,0,0,0.06)\u00a0\u00bb]<\/p>\n<p>L&rsquo;association vaudoise des ludoth\u00e8ques<\/p>\n<ul>\n<li>Soutient les ludoth\u00e8ques vaudoises et coordonne les relations entre elles.<\/li>\n<li>Contribue \u00e0 faire reconna\u00eetre le r\u00f4le socio-culturel des ludoth\u00e8ques.<\/li>\n<li>Attire l\u2019attention du public sur l\u2019importance du jeu et fait conna\u00eetre les ludoth\u00e8ques vaudoises.<\/li>\n<\/ul>\n<p>Site web\u00a0 :\u00a0<a href=\"https:\/\/www.avdl.ch\/\" target=\"_blank\" rel=\"noopener noreferrer\">\u00a0https:\/\/www.avdl.ch<\/a><\/p>\n<p>[\/et_pb_testimonial][\/et_pb_column][et_pb_column type=\u00a0\u00bb1_4&Prime; _builder_version=\u00a0\u00bb4.4.8&Prime;][et_pb_testimonial url=\u00a0\u00bbhttp:\/\/www.ludovalais.ch\u00a0\u00bb url_new_window=\u00a0\u00bbon\u00a0\u00bb portrait_url=\u00a0\u00bbhttps:\/\/www.maludo.ch\/wp-content\/uploads\/2020\/06\/t\u00e9l\u00e9chargement-5.jpeg\u00a0\u00bb quote_icon=\u00a0\u00bboff\u00a0\u00bb _builder_version=\u00a0\u00bb4.4.8&Prime; body_font=\u00a0\u00bbRubik||||||||\u00a0\u00bb body_line_height=\u00a0\u00bb2em\u00a0\u00bb background_color=\u00a0\u00bb#ffffff\u00a0\u00bb custom_margin=\u00a0\u00bb|||\u00a0\u00bb custom_padding=\u00a0\u00bb60px|30px|60px|30px|true|true\u00a0\u00bb animation_style=\u00a0\u00bbzoom\u00a0\u00bb animation_intensity_zoom=\u00a0\u00bb10%\u00a0\u00bb link_option_url_new_window=\u00a0\u00bbon\u00a0\u00bb hover_enabled=\u00a0\u00bb0&Prime; border_radii=\u00a0\u00bbon|5px|5px|5px|5px\u00a0\u00bb border_color_all=\u00a0\u00bb#ff7355&Prime; border_width_top=\u00a0\u00bb10px\u00a0\u00bb box_shadow_style=\u00a0\u00bbpreset3&Prime; box_shadow_blur=\u00a0\u00bb49px\u00a0\u00bb box_shadow_color=\u00a0\u00bbrgba(0,0,0,0.06)\u00a0\u00bb]<\/p>\n<p>L&rsquo;Association Valaisanne des Ludoth\u00e8ques (A.V.L.) a \u00e9t\u00e9 fond\u00e9e le 18 juin 1997.<br \/> Son but est de favoriser la cr\u00e9ation de nouvelles ludoth\u00e8ques et de soutenir les ludoth\u00e8ques existantes.<br \/> L&rsquo;association est un centre de coordination et de renseignements pour les ludoth\u00e8ques locales.<br \/> Elle assure les contacts avec la F\u00e9d\u00e9ration des Ludoth\u00e8ques Suisses (FLS)<\/p>\n<p>Site web : <a href=\"http:\/\/www.ludovalais.ch\" target=\"_blank\" rel=\"noopener noreferrer\">http:\/\/www.ludovalais.ch<\/a><\/p>\n<p>[\/et_pb_testimonial][\/et_pb_column][et_pb_column type=\u00a0\u00bb1_4&Prime; _builder_version=\u00a0\u00bb3.25&Prime; custom_padding=\u00a0\u00bb|||\u00a0\u00bb custom_padding__hover=\u00a0\u00bb|||\u00a0\u00bb][et_pb_testimonial portrait_url=\u00a0\u00bbhttps:\/\/www.maludo.ch\/wp-content\/uploads\/2020\/06\/t\u00e9l\u00e9chargement-1.png\u00a0\u00bb quote_icon=\u00a0\u00bboff\u00a0\u00bb _builder_version=\u00a0\u00bb4.4.8&Prime; body_font=\u00a0\u00bbRubik||||||||\u00a0\u00bb body_line_height=\u00a0\u00bb2em\u00a0\u00bb background_color=\u00a0\u00bb#ffffff\u00a0\u00bb custom_margin=\u00a0\u00bb|||\u00a0\u00bb custom_padding=\u00a0\u00bb60px|30px|60px|30px|true|true\u00a0\u00bb animation_style=\u00a0\u00bbzoom\u00a0\u00bb animation_intensity_zoom=\u00a0\u00bb10%\u00a0\u00bb hover_enabled=\u00a0\u00bb0&Prime; border_radii=\u00a0\u00bbon|5px|5px|5px|5px\u00a0\u00bb border_color_all=\u00a0\u00bb#000000&Prime; border_width_top=\u00a0\u00bb10px\u00a0\u00bb border_color_top=\u00a0\u00bb#ff9c02&Prime; box_shadow_style=\u00a0\u00bbpreset3&Prime; box_shadow_blur=\u00a0\u00bb49px\u00a0\u00bb box_shadow_color=\u00a0\u00bbrgba(0,0,0,0.06)\u00a0\u00bb]<\/p>\n<p>L&rsquo;association genevoise des ludoth\u00e8ques:<br \/> favorise l&rsquo;\u00e9change d&rsquo;exp\u00e9riences entre ludoth\u00e8ques, afin d&rsquo;aider chacune \u00e0 approfondir son action sociale et \u00e9ducative.<br \/> Facilite la centralisation et la diffusion de toute information.<br \/> Se met en relation avec les autorit\u00e9s si l&rsquo;int\u00e9r\u00eat de l&rsquo;ensemble des ludoth\u00e8ques le justifie.<\/p>\n<p>Site web :<a href=\"http:\/\/www.genevejoue.ch\" target=\"_blank\" rel=\"noopener noreferrer\"> http:\/\/www.genevejoue.ch<\/a><\/p>\n<p>[\/et_pb_testimonial][\/et_pb_column][et_pb_column type=\u00a0\u00bb1_4&Prime; _builder_version=\u00a0\u00bb3.25&Prime; custom_padding=\u00a0\u00bb|||\u00a0\u00bb custom_padding__hover=\u00a0\u00bb|||\u00a0\u00bb][et_pb_testimonial portrait_url=\u00a0\u00bbhttps:\/\/www.maludo.ch\/wp-content\/uploads\/2020\/06\/t\u00e9l\u00e9chargement-6.jpeg\u00a0\u00bb quote_icon=\u00a0\u00bboff\u00a0\u00bb _builder_version=\u00a0\u00bb4.4.8&Prime; body_font=\u00a0\u00bbRubik||||||||\u00a0\u00bb body_line_height=\u00a0\u00bb2em\u00a0\u00bb background_color=\u00a0\u00bb#ffffff\u00a0\u00bb custom_margin=\u00a0\u00bb|||\u00a0\u00bb custom_padding=\u00a0\u00bb60px|30px|60px|30px|true|true\u00a0\u00bb animation_style=\u00a0\u00bbzoom\u00a0\u00bb animation_intensity_zoom=\u00a0\u00bb10%\u00a0\u00bb hover_enabled=\u00a0\u00bb0&Prime; border_radii=\u00a0\u00bbon|5px|5px|5px|5px\u00a0\u00bb border_color_all=\u00a0\u00bb#04c83f\u00a0\u00bb border_width_top=\u00a0\u00bb10px\u00a0\u00bb box_shadow_style=\u00a0\u00bbpreset3&Prime; box_shadow_blur=\u00a0\u00bb49px\u00a0\u00bb box_shadow_color=\u00a0\u00bbrgba(0,0,0,0.06)\u00a0\u00bb]<\/p>\n<p>Ludop\u00e9dia est une base de donn\u00e9es collaborative de mat\u00e9riel ludique. Cette base de donn\u00e9es a \u00e9t\u00e9 cr\u00e9e par un groupe de ludoth\u00e9caires suisses des cantons de Vaud, Valais et Gen\u00e8ve.<\/p>\n<p>Site web :<a href=\"\/\/ludopedia.ch\/\" target=\"_blank\" rel=\"noopener noreferrer\">\u00a0https:\/\/ludopedia.ch\/<\/a><\/p>\n<p>[\/et_pb_testimonial][\/et_pb_column][\/et_pb_row][et_pb_row column_structure=\u00a0\u00bb1_4,1_4,1_4,1_4&Prime; _builder_version=\u00a0\u00bb4.4.8&Prime; width=\u00a0\u00bb100%\u00a0\u00bb max_width=\u00a0\u00bb1920px\u00a0\u00bb][et_pb_column type=\u00a0\u00bb1_4&Prime; _builder_version=\u00a0\u00bb3.25&Prime; custom_padding=\u00a0\u00bb|||\u00a0\u00bb custom_padding__hover=\u00a0\u00bb|||\u00a0\u00bb][et_pb_testimonial portrait_url=\u00a0\u00bbhttps:\/\/www.maludo.ch\/wp-content\/uploads\/2020\/06\/t\u00e9l\u00e9chargement-2.jpeg\u00a0\u00bb quote_icon=\u00a0\u00bboff\u00a0\u00bb admin_label=\u00a0\u00bbTestimonial\u00a0\u00bb _builder_version=\u00a0\u00bb4.4.8&Prime; body_font=\u00a0\u00bbRubik||||||||\u00a0\u00bb body_line_height=\u00a0\u00bb2em\u00a0\u00bb background_color=\u00a0\u00bb#ffffff\u00a0\u00bb custom_margin=\u00a0\u00bb|||\u00a0\u00bb custom_padding=\u00a0\u00bb60px|30px|60px|30px|true|true\u00a0\u00bb animation_style=\u00a0\u00bbzoom\u00a0\u00bb animation_intensity_zoom=\u00a0\u00bb10%\u00a0\u00bb border_radii=\u00a0\u00bbon|5px|5px|5px|5px\u00a0\u00bb border_width_top=\u00a0\u00bb10px\u00a0\u00bb border_color_top=\u00a0\u00bb#2b76df\u00a0\u00bb box_shadow_style=\u00a0\u00bbpreset3&Prime; box_shadow_blur=\u00a0\u00bb49px\u00a0\u00bb box_shadow_color=\u00a0\u00bbrgba(0,0,0,0.06)\u00a0\u00bb]<\/p>\n<p>Un r\u00e9seau autour du jeu<\/p>\n<p>La F\u00e9d\u00e9ration des Ludoth\u00e8ques Suisses (FLS) regroupe pr\u00e8s de 365 ludoth\u00e8ques ind\u00e9pendantes en Suisse et au Liechtenstein.<\/p>\n<p>Site web :<a href=\"\/\/www.ludo.ch\/fr\" target=\"_blank\" rel=\"noopener noreferrer\">\u00a0https:\/\/www.ludo.ch\/fr<\/a><\/p>\n<p>[\/et_pb_testimonial][\/et_pb_column][et_pb_column type=\u00a0\u00bb1_4&Prime; _builder_version=\u00a0\u00bb4.4.8&Prime;][\/et_pb_column][et_pb_column type=\u00a0\u00bb1_4&Prime; _builder_version=\u00a0\u00bb3.25&Prime; custom_padding=\u00a0\u00bb|||\u00a0\u00bb custom_padding__hover=\u00a0\u00bb|||\u00a0\u00bb][\/et_pb_column][et_pb_column type=\u00a0\u00bb1_4&Prime; _builder_version=\u00a0\u00bb3.25&Prime; custom_padding=\u00a0\u00bb|||\u00a0\u00bb custom_padding__hover=\u00a0\u00bb|||\u00a0\u00bb][\/et_pb_column][\/et_pb_row][\/et_pb_section][et_pb_section fb_built=\u00a0\u00bb1&Prime; admin_label=\u00a0\u00bbFooter\u00a0\u00bb _builder_version=\u00a0\u00bb4.4.8&Prime; background_image=\u00a0\u00bbhttps:\/\/www.maludo.ch\/wp-content\/uploads\/2020\/06\/stecroix4_135.jpg\u00a0\u00bb parallax=\u00a0\u00bbon\u00a0\u00bb custom_margin=\u00a0\u00bb|||\u00a0\u00bb custom_padding=\u00a0\u00bb|||\u00a0\u00bb global_module=\u00a0\u00bb70&Prime; saved_tabs=\u00a0\u00bball\u00a0\u00bb][et_pb_row column_structure=\u00a0\u00bb1_4,1_4,1_2&Prime; use_custom_gutter=\u00a0\u00bbon\u00a0\u00bb gutter_width=\u00a0\u00bb2&Prime; make_equal=\u00a0\u00bbon\u00a0\u00bb _builder_version=\u00a0\u00bb3.25&Prime; custom_padding=\u00a0\u00bb|||\u00a0\u00bb animation_style=\u00a0\u00bbfade\u00a0\u00bb border_radii=\u00a0\u00bbon|10px|10px|10px|10px\u00a0\u00bb][et_pb_column type=\u00a0\u00bb1_4&Prime; _builder_version=\u00a0\u00bb3.25&Prime; custom_padding=\u00a0\u00bb|||\u00a0\u00bb custom_padding__hover=\u00a0\u00bb|||\u00a0\u00bb][et_pb_number_counter title=\u00a0\u00bbouvertures chaque semaine\u00a0\u00bb number=\u00a0\u00bb3&Prime; percent_sign=\u00a0\u00bboff\u00a0\u00bb _builder_version=\u00a0\u00bb4.4.8&Prime; title_font=\u00a0\u00bbRubik|700||on|||||\u00a0\u00bb title_text_color=\u00a0\u00bb#ffffff\u00a0\u00bb title_font_size=\u00a0\u00bb14px\u00a0\u00bb title_letter_spacing=\u00a0\u00bb5px\u00a0\u00bb title_line_height=\u00a0\u00bb1.5em\u00a0\u00bb number_font=\u00a0\u00bbCabin Sketch|500|||||||\u00a0\u00bb number_text_color=\u00a0\u00bb#ffffff\u00a0\u00bb number_font_size=\u00a0\u00bb46px\u00a0\u00bb number_line_height=\u00a0\u00bb100px\u00a0\u00bb background_color=\u00a0\u00bb#2b76df\u00a0\u00bb text_orientation=\u00a0\u00bbleft\u00a0\u00bb background_layout=\u00a0\u00bbdark\u00a0\u00bb custom_padding=\u00a0\u00bb50px|25px|15px|25px|false|true\u00a0\u00bb border_radii=\u00a0\u00bbon|10px|10px|10px|10px\u00a0\u00bb][\/et_pb_number_counter][et_pb_number_counter title=\u00a0\u00bbheures de travail b\u00e9n\u00e9voles en 2019&Prime; number=\u00a0\u00bb1548&Prime; percent_sign=\u00a0\u00bboff\u00a0\u00bb _builder_version=\u00a0\u00bb4.4.8&Prime; title_font=\u00a0\u00bbRubik|700||on|||||\u00a0\u00bb title_text_color=\u00a0\u00bb#ffffff\u00a0\u00bb title_font_size=\u00a0\u00bb14px\u00a0\u00bb title_letter_spacing=\u00a0\u00bb5px\u00a0\u00bb title_line_height=\u00a0\u00bb1.5em\u00a0\u00bb number_font=\u00a0\u00bbCabin Sketch|500|||||||\u00a0\u00bb number_text_color=\u00a0\u00bb#ffffff\u00a0\u00bb number_font_size=\u00a0\u00bb46px\u00a0\u00bb number_line_height=\u00a0\u00bb100px\u00a0\u00bb background_color=\u00a0\u00bb#ff9c02&Prime; text_orientation=\u00a0\u00bbleft\u00a0\u00bb background_layout=\u00a0\u00bbdark\u00a0\u00bb custom_margin=\u00a0\u00bb30px|||\u00a0\u00bb custom_margin_last_edited=\u00a0\u00bboff|desktop\u00a0\u00bb custom_padding=\u00a0\u00bb50px|25px|15px|25px|false|true\u00a0\u00bb border_radii=\u00a0\u00bbon|10px|10px|10px|10px\u00a0\u00bb][\/et_pb_number_counter][\/et_pb_column][et_pb_column type=\u00a0\u00bb1_4&Prime; _builder_version=\u00a0\u00bb3.25&Prime; custom_padding=\u00a0\u00bb|||\u00a0\u00bb custom_padding__hover=\u00a0\u00bb|||\u00a0\u00bb][et_pb_number_counter title=\u00a0\u00bbJeux et jouets disponibles en location\u00a0\u00bb number=\u00a0\u00bb1258&Prime; percent_sign=\u00a0\u00bboff\u00a0\u00bb _builder_version=\u00a0\u00bb4.4.8&Prime; title_font=\u00a0\u00bbRubik|700||on|||||\u00a0\u00bb title_text_color=\u00a0\u00bb#ffffff\u00a0\u00bb title_font_size=\u00a0\u00bb14px\u00a0\u00bb title_letter_spacing=\u00a0\u00bb5px\u00a0\u00bb title_line_height=\u00a0\u00bb1.5em\u00a0\u00bb number_font=\u00a0\u00bbCabin Sketch|500|||||||\u00a0\u00bb number_text_color=\u00a0\u00bb#ffffff\u00a0\u00bb number_font_size=\u00a0\u00bb46px\u00a0\u00bb number_line_height=\u00a0\u00bb100px\u00a0\u00bb background_color=\u00a0\u00bb#ff7355&Prime; text_orientation=\u00a0\u00bbleft\u00a0\u00bb background_layout=\u00a0\u00bbdark\u00a0\u00bb custom_padding=\u00a0\u00bb50px|25px|15px|25px|false|true\u00a0\u00bb border_radii=\u00a0\u00bbon|10px|10px|10px|10px\u00a0\u00bb][\/et_pb_number_counter][et_pb_number_counter title=\u00a0\u00bbanimatrices et animateurs b\u00e9n\u00e9voles\u00a0\u00bb number=\u00a0\u00bb10&Prime; percent_sign=\u00a0\u00bboff\u00a0\u00bb _builder_version=\u00a0\u00bb4.4.8&Prime; title_font=\u00a0\u00bbRubik|700||on|||||\u00a0\u00bb title_text_color=\u00a0\u00bb#ffffff\u00a0\u00bb title_font_size=\u00a0\u00bb14px\u00a0\u00bb title_letter_spacing=\u00a0\u00bb5px\u00a0\u00bb title_line_height=\u00a0\u00bb1.5em\u00a0\u00bb number_font=\u00a0\u00bbCabin Sketch|500|||||||\u00a0\u00bb number_text_color=\u00a0\u00bb#ffffff\u00a0\u00bb number_font_size=\u00a0\u00bb46px\u00a0\u00bb number_line_height=\u00a0\u00bb100px\u00a0\u00bb background_color=\u00a0\u00bb#74bc19&Prime; text_orientation=\u00a0\u00bbleft\u00a0\u00bb background_layout=\u00a0\u00bbdark\u00a0\u00bb height=\u00a0\u00bb250px\u00a0\u00bb custom_margin=\u00a0\u00bb30px|||\u00a0\u00bb custom_padding=\u00a0\u00bb50px|25px|15px|25px|false|true\u00a0\u00bb border_radii=\u00a0\u00bbon|10px|10px|10px|10px\u00a0\u00bb][\/et_pb_number_counter][\/et_pb_column][et_pb_column type=\u00a0\u00bb1_2&Prime; _builder_version=\u00a0\u00bb3.25&Prime; custom_padding=\u00a0\u00bb|||\u00a0\u00bb custom_padding__hover=\u00a0\u00bb|||\u00a0\u00bb][et_pb_cta title=\u00a0\u00bbPratique\u00a0\u00bb _builder_version=\u00a0\u00bb4.4.8&Prime; header_font=\u00a0\u00bbRubik|700|||||||\u00a0\u00bb header_font_size=\u00a0\u00bb40px\u00a0\u00bb header_line_height=\u00a0\u00bb1.4em\u00a0\u00bb body_font=\u00a0\u00bbRubik||||||||\u00a0\u00bb body_line_height=\u00a0\u00bb2em\u00a0\u00bb background_color=\u00a0\u00bb#ffffff\u00a0\u00bb custom_button=\u00a0\u00bbon\u00a0\u00bb button_text_size=\u00a0\u00bb16px\u00a0\u00bb button_text_color=\u00a0\u00bb#ffffff\u00a0\u00bb button_bg_color=\u00a0\u00bb#e02b20&Prime; button_border_width=\u00a0\u00bb10px\u00a0\u00bb button_border_color=\u00a0\u00bbrgba(65,65,144,0)\u00a0\u00bb button_border_radius=\u00a0\u00bb70px\u00a0\u00bb button_font=\u00a0\u00bbRubik|700|||||||\u00a0\u00bb button_use_icon=\u00a0\u00bboff\u00a0\u00bb text_orientation=\u00a0\u00bbleft\u00a0\u00bb background_layout=\u00a0\u00bblight\u00a0\u00bb width=\u00a0\u00bb100%\u00a0\u00bb max_width=\u00a0\u00bb65%\u00a0\u00bb max_width_last_edited=\u00a0\u00bboff|desktop\u00a0\u00bb module_alignment=\u00a0\u00bbleft\u00a0\u00bb height=\u00a0\u00bb515px\u00a0\u00bb custom_margin=\u00a0\u00bb|||\u00a0\u00bb custom_padding=\u00a0\u00bb55px|60px|55px|60px|true|\u00a0\u00bb header_font_size_tablet=\u00a0\u00bb\u00a0\u00bb header_font_size_phone=\u00a0\u00bb30px\u00a0\u00bb header_font_size_last_edited=\u00a0\u00bbon|phone\u00a0\u00bb body_line_height_last_edited=\u00a0\u00bboff|desktop\u00a0\u00bb border_radii=\u00a0\u00bbon|10px|10px|10px|10px\u00a0\u00bb button_text_color_hover=\u00a0\u00bb#ffffff\u00a0\u00bb button_border_radius_hover=\u00a0\u00bb70px\u00a0\u00bb button_bg_color_hover=\u00a0\u00bb#9577ff\u00a0\u00bb button_text_size__hover_enabled=\u00a0\u00bboff\u00a0\u00bb button_one_text_size__hover_enabled=\u00a0\u00bboff\u00a0\u00bb button_two_text_size__hover_enabled=\u00a0\u00bboff\u00a0\u00bb button_text_color__hover_enabled=\u00a0\u00bbon\u00a0\u00bb button_text_color__hover=\u00a0\u00bb#ffffff\u00a0\u00bb button_one_text_color__hover_enabled=\u00a0\u00bboff\u00a0\u00bb button_two_text_color__hover_enabled=\u00a0\u00bboff\u00a0\u00bb button_border_width__hover_enabled=\u00a0\u00bboff\u00a0\u00bb button_one_border_width__hover_enabled=\u00a0\u00bboff\u00a0\u00bb button_two_border_width__hover_enabled=\u00a0\u00bboff\u00a0\u00bb button_border_color__hover_enabled=\u00a0\u00bboff\u00a0\u00bb button_one_border_color__hover_enabled=\u00a0\u00bboff\u00a0\u00bb button_two_border_color__hover_enabled=\u00a0\u00bboff\u00a0\u00bb button_border_radius__hover_enabled=\u00a0\u00bbon\u00a0\u00bb button_border_radius__hover=\u00a0\u00bb70px\u00a0\u00bb button_one_border_radius__hover_enabled=\u00a0\u00bboff\u00a0\u00bb button_two_border_radius__hover_enabled=\u00a0\u00bboff\u00a0\u00bb button_letter_spacing__hover_enabled=\u00a0\u00bboff\u00a0\u00bb button_one_letter_spacing__hover_enabled=\u00a0\u00bboff\u00a0\u00bb button_two_letter_spacing__hover_enabled=\u00a0\u00bboff\u00a0\u00bb button_bg_color__hover_enabled=\u00a0\u00bbon\u00a0\u00bb button_bg_color__hover=\u00a0\u00bb#9577ff\u00a0\u00bb button_one_bg_color__hover_enabled=\u00a0\u00bboff\u00a0\u00bb button_two_bg_color__hover_enabled=\u00a0\u00bboff\u00a0\u00bb]<\/p>\n<p><strong>Adresse :<br \/> <\/strong>Rue de l&rsquo;Industrie 13-15<br \/> 1450 Sainte-Croix<\/p>\n<p><strong>T\u00e9l\u00e9phone :\u00a0<\/strong>024 454 49 67<\/p>\n<p><strong>Email :<\/strong>\u00a0<a href=\"mailto:hello@divi.edu\" style=\"font-size: 14px;\">info@maludo.ch<\/a><\/p>\n<p><strong>Horaires :<br \/> <\/strong>Mardi : 16h &#8211; 17h30<br \/> Jeudi : 16h &#8211; 17h30<br \/> Samedi : 10h &#8211; 11h30<\/p>\n<p>[\/et_pb_cta][\/et_pb_column][\/et_pb_row][\/et_pb_section]<\/p>\n","protected":false},"excerpt":{"rendered":"<p>Liens\u00a0L&rsquo;association vaudoise des ludoth\u00e8ques Soutient les ludoth\u00e8ques vaudoises et coordonne les relations entre elles. Contribue \u00e0 faire reconna\u00eetre le r\u00f4le socio-culturel des ludoth\u00e8ques. Attire l\u2019attention du public sur l\u2019importance du jeu et fait conna\u00eetre les ludoth\u00e8ques vaudoises. Site web\u00a0 :\u00a0\u00a0https:\/\/www.avdl.chL&rsquo;Association Valaisanne des Ludoth\u00e8ques (A.V.L.) a \u00e9t\u00e9 fond\u00e9e le 18 juin 1997. Son but est de [&hellip;]<\/p>\n","protected":false},"author":1,"featured_media":0,"parent":0,"menu_order":0,"comment_status":"closed","ping_status":"closed","template":"","meta":{"_et_pb_use_builder":"on","_et_pb_old_content":"<!-- wp:divi\/placeholder \/-->","_et_gb_content_width":"","footnotes":""},"class_list":["post-22","page","type-page","status-publish","hentry"],"_links":{"self":[{"href":"https:\/\/www.maludo.ch\/index.php\/wp-json\/wp\/v2\/pages\/22","targetHints":{"allow":["GET"]}}],"collection":[{"href":"https:\/\/www.maludo.ch\/index.php\/wp-json\/wp\/v2\/pages"}],"about":[{"href":"https:\/\/www.maludo.ch\/index.php\/wp-json\/wp\/v2\/types\/page"}],"author":[{"embeddable":true,"href":"https:\/\/www.maludo.ch\/index.php\/wp-json\/wp\/v2\/users\/1"}],"replies":[{"embeddable":true,"href":"https:\/\/www.maludo.ch\/index.php\/wp-json\/wp\/v2\/comments?post=22"}],"version-history":[{"count":15,"href":"https:\/\/www.maludo.ch\/index.php\/wp-json\/wp\/v2\/pages\/22\/revisions"}],"predecessor-version":[{"id":722,"href":"https:\/\/www.maludo.ch\/index.php\/wp-json\/wp\/v2\/pages\/22\/revisions\/722"}],"wp:attachment":[{"href":"https:\/\/www.maludo.ch\/index.php\/wp-json\/wp\/v2\/media?parent=22"}],"curies":[{"name":"wp","href":"https:\/\/api.w.org\/{rel}","templated":true}]}}